{"id":9,"date":"2014-05-07T12:41:29","date_gmt":"2014-05-07T10:41:29","guid":{"rendered":"http:\/\/fdfknasten.dk\/?page_id=9"},"modified":"2021-12-05T10:46:44","modified_gmt":"2021-12-05T08:46:44","slug":"booking","status":"publish","type":"page","link":"https:\/\/fdfknasten.dk\/?page_id=9","title":{"rendered":"Booking &#038; Kalender"},"content":{"rendered":"<p style=\"color: #000000;\"><span style=\"color: #000000;\">Udlejninger forg\u00e5r <span style=\"text-decoration: underline;\">kun<\/span> igennem&nbsp;<\/span><a style=\"color: #0000ff;\" href=\"mailto:fdfknasten@gmail.com\">e-mail<\/a><span style=\"color: #000000;\">.&nbsp;<\/span><\/p>\n<p><span style=\"color: #000000;\">Hytten udlejes til FDF&#8217;er, Spejder, Skoler &amp; institutioner, samt til organisationer der har naturoplever som form\u00e5l.&nbsp;<\/span><br style=\"color: #000000;\"><br style=\"color: #000000;\"><span style=\"color: #000000;\">F\u00f8lgende&nbsp;<\/span><b style=\"color: #000000;\">SKAL<\/b><span style=\"color: #000000;\">&nbsp;fremg\u00e5 af en foresp\u00f8rgsels email:&nbsp;<\/span><br style=\"color: #000000;\"><span style=\"color: #000000;\">Organisation + Arrangement type\/form\u00e5l, Navn, Adresse, Telefon nr, Udlejnings periode, Slutreng\u00f8ring Ja\/nej&nbsp;<\/span><br style=\"color: #000000;\"><br style=\"color: #000000;\"><b style=\"color: #000000;\">En booking forl\u00f8ber s\u00e5ledes:<\/b><\/p>\n<ul>\n<li style=\"color: #000000;\">Du sender forsp\u00f8rgsel p\u00e5 en periode du kan se er fri i kalenderen.<\/li>\n<li style=\"color: #000000;\">Vi svare tilbage for at bekr\u00e6ftige prisen og vedh\u00e6fter efterf\u00f8lgende en&nbsp;<a href=\"http:\/\/fdfknasten.dk\/wp-content\/uploads\/2014\/05\/lejekontrakt.pdf\">lejekontrakt<\/a>&nbsp;p\u00e5 e-mail.<\/li>\n<li style=\"color: #000000;\">I bekr\u00e6ftiger at have l\u00e6st og forst\u00e5et regler samt aftale, ved at indbetale aftalt pris p\u00e5 hyttens&nbsp;<a style=\"color: #0000ff;\" title=\"Prisliste for 2014\" href=\"http:\/\/fdfknasten.dk\/?page_id=20\">konto<\/a>, husk at oplyse lejenummer + navn i indbetalingen (fx &#8220;730 &#8211; Dennis&#8221;).<\/li>\n<li style=\"color: #000000;\">N\u00e5r pengene er modtaget, sender vi en til to uger f\u00f8r, en kode til n\u00f8glen.<\/li>\n<li style=\"color: #000000;\">N\u00e5r lejem\u00e5let er afholdt, udfylder i slutafregning med &#8220;reng\u00f8ring, el, og evt. \u00f8delagt service\/inventar&#8221; og den sendes retur til endelig afregning.<\/li>\n<li style=\"color: #000000;\">Efter vi har f\u00e5et afregningen retur tjekker vi om hytten er afleveret som aftalt (Hvis ikke i har bestilt slutreng\u00f8ring kan der g\u00e5 lang tid, s\u00e5 v\u00e6r s\u00e6rlig opm\u00e6rksom p\u00e5 at f\u00e5 slukket for el-varme &amp; vandvarmere)<\/li>\n<li style=\"color: #000000;\">Til sidst afregnes om i skal betale mere for str\u00f8m\/andet eller i skal have penge tilbage (husk at oplyse konto nr p\u00e5 slutafregning). Afregning sker umildbart i starten af efterf\u00f8lgende m\u00e5ned.<\/li>\n<p><iframe loading=\"lazy\" src=\"https:\/\/www.google.com\/calendar\/embed?showTitle=0&amp;showPrint=0&amp;showCalendars=0&amp;showTz=0&amp;height=450&amp;wkst=2&amp;bgcolor=%23EFEFEF&amp;src=b5b312uh07io6bq75rk68mnmn8%40group.calendar.google.com&amp;color=%23B1440E&amp;ctz=Europe%2FCopenhagen\" width=\"640\" height=\"450\" frameborder=\"0\" scrolling=\"no\"><\/iframe><\/p>\n","protected":false},"excerpt":{"rendered":"<p>Udlejninger forg\u00e5r kun igennem&nbsp;e-mail.&nbsp; Hytten udlejes til FDF&#8217;er, Spejder, Skoler &amp; institutioner, samt til organisationer der har naturoplever som form\u00e5l.&nbsp;F\u00f8lgende&nbsp;SKAL&nbsp;fremg\u00e5 af en foresp\u00f8rgsels email:&nbsp;Organisation + Arrangement type\/form\u00e5l, Navn, Adresse, Telefon nr, Udlejnings periode, Slutreng\u00f8ring Ja\/nej&nbsp;En booking forl\u00f8ber s\u00e5ledes: Du sender forsp\u00f8rgsel p\u00e5 en periode du kan se er fri i kalenderen. Vi svare tilbage for [&hellip;]<\/p>\n","protected":false},"author":1,"featured_media":0,"parent":0,"menu_order":0,"comment_status":"closed","ping_status":"closed","template":"","meta":{"footnotes":""},"_links":{"self":[{"href":"https:\/\/fdfknasten.dk\/index.php?rest_route=\/wp\/v2\/pages\/9"}],"collection":[{"href":"https:\/\/fdfknasten.dk\/index.php?rest_route=\/wp\/v2\/pages"}],"about":[{"href":"https:\/\/fdfknasten.dk\/index.php?rest_route=\/wp\/v2\/types\/page"}],"author":[{"embeddable":true,"href":"https:\/\/fdfknasten.dk\/index.php?rest_route=\/wp\/v2\/users\/1"}],"replies":[{"embeddable":true,"href":"https:\/\/fdfknasten.dk\/index.php?rest_route=%2Fwp%2Fv2%2Fcomments&post=9"}],"version-history":[{"count":25,"href":"https:\/\/fdfknasten.dk\/index.php?rest_route=\/wp\/v2\/pages\/9\/revisions"}],"predecessor-version":[{"id":178,"href":"https:\/\/fdfknasten.dk\/index.php?rest_route=\/wp\/v2\/pages\/9\/revisions\/178"}],"wp:attachment":[{"href":"https:\/\/fdfknasten.dk\/index.php?rest_route=%2Fwp%2Fv2%2Fmedia&parent=9"}],"curies":[{"name":"wp","href":"https:\/\/api.w.org\/{rel}","templated":true}]}}