{"id":73,"date":"2014-05-08T00:15:27","date_gmt":"2014-05-07T22:15:27","guid":{"rendered":"http:\/\/fdfknasten.dk\/?page_id=73"},"modified":"2014-05-08T00:15:27","modified_gmt":"2014-05-07T22:15:27","slug":"gaestebogen","status":"publish","type":"page","link":"https:\/\/fdfknasten.dk\/?page_id=73","title":{"rendered":"G\u00e6stebogen"},"content":{"rendered":"<p>P\u00e5 denne del af siden h\u00e5ber vi at du vil dele et lille \u00f8jeblik fra en tur i Knasten. Du er meget velkommen til at ligge et billede op ogs\u00e5, men husk lige at sp\u00f8rg dem der er p\u00e5 om det er okay.<\/p>\n","protected":false},"excerpt":{"rendered":"<p>P\u00e5 denne del af siden h\u00e5ber vi at du vil dele et lille \u00f8jeblik fra en tur i Knasten. Du er meget velkommen til at ligge et billede op ogs\u00e5, men husk lige at sp\u00f8rg dem der er p\u00e5 om det er okay.<\/p>\n","protected":false},"author":1,"featured_media":0,"parent":0,"menu_order":0,"comment_status":"open","ping_status":"open","template":"","meta":{"footnotes":""},"_links":{"self":[{"href":"https:\/\/fdfknasten.dk\/index.php?rest_route=\/wp\/v2\/pages\/73"}],"collection":[{"href":"https:\/\/fdfknasten.dk\/index.php?rest_route=\/wp\/v2\/pages"}],"about":[{"href":"https:\/\/fdfknasten.dk\/index.php?rest_route=\/wp\/v2\/types\/page"}],"author":[{"embeddable":true,"href":"https:\/\/fdfknasten.dk\/index.php?rest_route=\/wp\/v2\/users\/1"}],"replies":[{"embeddable":true,"href":"https:\/\/fdfknasten.dk\/index.php?rest_route=%2Fwp%2Fv2%2Fcomments&post=73"}],"version-history":[{"count":1,"href":"https:\/\/fdfknasten.dk\/index.php?rest_route=\/wp\/v2\/pages\/73\/revisions"}],"predecessor-version":[{"id":74,"href":"https:\/\/fdfknasten.dk\/index.php?rest_route=\/wp\/v2\/pages\/73\/revisions\/74"}],"wp:attachment":[{"href":"https:\/\/fdfknasten.dk\/index.php?rest_route=%2Fwp%2Fv2%2Fmedia&parent=73"}],"curies":[{"name":"wp","href":"https:\/\/api.w.org\/{rel}","templated":true}]}}