{"id":40,"date":"2014-05-07T23:03:47","date_gmt":"2014-05-07T21:03:47","guid":{"rendered":"http:\/\/fdfknasten.dk\/?page_id=40"},"modified":"2024-06-20T08:49:03","modified_gmt":"2024-06-20T06:49:03","slug":"kontakt","status":"publish","type":"page","link":"https:\/\/fdfknasten.dk\/?page_id=40","title":{"rendered":"Kontakt"},"content":{"rendered":"<p><span style=\"color: #000000;\">Vi foretr\u00e6kker\u00a0<span style=\"text-decoration: underline;\">altid<\/span>\u00a0at i kontakter os via\u00a0<span style=\"font-weight: bold;\">mail<\/span>. Normalt svare vi p\u00e5 mail i weekenden. Hvis din forsp\u00f8rgsel omhandler en evt. booking, s\u00e5 l\u00e6s venligst fremgangsm\u00e5den under &#8220;<a title=\"Booking &amp; Kalender\" href=\"http:\/\/fdfknasten.dk\/?page_id=9\">Booking<\/a>&#8221; f\u00f8rst.<\/span><\/p>\n<p style=\"color: rgba(255, 255, 255, 0.701961);\"><span style=\"color: #000000;\">Har i brug for at kontakte os hurtigere, s\u00e5 foretr\u00e6kker vi SMS da vi er frivillige og alle har arbejde.\u00a0Husk at starte din henvendelse\u00a0med at den omhandler Knasten.<\/span><\/p>\n<p style=\"color: rgba(255, 255, 255, 0.701961);\"><span style=\"text-decoration: underline; color: #000000;\">Nedest\u00e5ende kontaktpersoner er opstillet i prioriteret r\u00e6kkef\u00f8lge. Det er udelukkende Dennis der kan foretage bookinger, Daniel kan dog v\u00e6re behj\u00e6lpelig i akutte situationer.<\/span><\/p>\n<p style=\"color: rgba(255, 255, 255, 0.701961);\"><span style=\"color: #000000;\">Dennis Boelt<\/span><br \/>\n<span style=\"color: #000000;\"> Telefon: 61 10 03 77<\/span><\/p>\n","protected":false},"excerpt":{"rendered":"<p>Vi foretr\u00e6kker\u00a0altid\u00a0at i kontakter os via\u00a0mail. Normalt svare vi p\u00e5 mail i weekenden. Hvis din forsp\u00f8rgsel omhandler en evt. booking, s\u00e5 l\u00e6s venligst fremgangsm\u00e5den under &#8220;Booking&#8221; f\u00f8rst. Har i brug for at kontakte os hurtigere, s\u00e5 foretr\u00e6kker vi SMS da vi er frivillige og alle har arbejde.\u00a0Husk at starte din henvendelse\u00a0med at den omhandler Knasten. [&hellip;]<\/p>\n","protected":false},"author":1,"featured_media":0,"parent":0,"menu_order":0,"comment_status":"closed","ping_status":"closed","template":"","meta":{"footnotes":""},"_links":{"self":[{"href":"https:\/\/fdfknasten.dk\/index.php?rest_route=\/wp\/v2\/pages\/40"}],"collection":[{"href":"https:\/\/fdfknasten.dk\/index.php?rest_route=\/wp\/v2\/pages"}],"about":[{"href":"https:\/\/fdfknasten.dk\/index.php?rest_route=\/wp\/v2\/types\/page"}],"author":[{"embeddable":true,"href":"https:\/\/fdfknasten.dk\/index.php?rest_route=\/wp\/v2\/users\/1"}],"replies":[{"embeddable":true,"href":"https:\/\/fdfknasten.dk\/index.php?rest_route=%2Fwp%2Fv2%2Fcomments&post=40"}],"version-history":[{"count":5,"href":"https:\/\/fdfknasten.dk\/index.php?rest_route=\/wp\/v2\/pages\/40\/revisions"}],"predecessor-version":[{"id":184,"href":"https:\/\/fdfknasten.dk\/index.php?rest_route=\/wp\/v2\/pages\/40\/revisions\/184"}],"wp:attachment":[{"href":"https:\/\/fdfknasten.dk\/index.php?rest_route=%2Fwp%2Fv2%2Fmedia&parent=40"}],"curies":[{"name":"wp","href":"https:\/\/api.w.org\/{rel}","templated":true}]}}