{"id":18,"date":"2014-05-07T19:01:17","date_gmt":"2014-05-07T17:01:17","guid":{"rendered":"http:\/\/fdfknasten.dk\/?page_id=18"},"modified":"2014-05-08T01:21:50","modified_gmt":"2014-05-07T23:21:50","slug":"find-vej","status":"publish","type":"page","link":"https:\/\/fdfknasten.dk\/?page_id=18","title":{"rendered":"K\u00f8rselsvejledninger"},"content":{"rendered":"<h2 style=\"color: #000000;\"><img decoding=\"async\" style=\"color: #000000;\" src=\"http:\/\/fdf1.dk\/knasten\/pics\/p-plads.png\" alt=\"\" border=\"0\" \/><span style=\"color: #000000;\">\u00a0<\/span><\/h2>\n<p><b style=\"color: #000000;\">Bil<\/b><span style=\"color: #000000;\">\u00a0brug googles rutevejledning du kan klikke p\u00e5 nede ved kortet.\u00a0<\/span><br style=\"color: #000000;\" \/><span style=\"color: #000000;\">Har i mere end 3 biler og ved snevejr, skal i benytte\u00a0<\/span><a style=\"color: #0000ff;\" title=\"P-pladsen ved M\u00f8llen\" href=\"http:\/\/fdfknasten.dk\/?page_id=50\">P-pladsen nede ved m\u00f8llen<\/a><span style=\"color: #000000;\">\u00a0&#8211; se video\u00a0<\/span><br style=\"color: #000000;\" \/><br style=\"color: #000000;\" \/><b style=\"color: #000000;\">Lejet Bus<\/b><span style=\"color: #000000;\">\u00a0m\u00e5 ikke k\u00f8re af Kollens M\u00f8llevej fra Randers \/ Stillingvejen, da den er for tung til at k\u00f8re over broen ved Kollens M\u00f8lle. Af hensyn til vores naboer m\u00e5 busser heller ikke k\u00f8re ned ad vores lille grusvejen ned til Knasten.\u00a0<\/span><br style=\"color: #000000;\" \/><br style=\"color: #000000;\" \/><b style=\"color: #000000;\">Bus<\/b><span style=\"color: #000000;\">\u00a0<\/span><br style=\"color: #000000;\" \/><a style=\"color: #0000ff;\" href=\"http:\/\/data.midttrafik.dk\/media\/6633\/200os_ny_ny.pdf\">Rute 200<\/a><span style=\"color: #000000;\">\u00a0k\u00f8re fra \u00c6rhus Rutebilstation, til H\u00f8rning. Derfra 4,8 km\u00a0<\/span><br style=\"color: #000000;\" \/><a style=\"color: #0000ff;\" href=\"http:\/\/data.midttrafik.dk\/media\/7491\/Rute_345_2011_12.pdf\">Rute 345<\/a><span style=\"color: #000000;\">\u00a0K\u00f8re i hverdagene gratis fra H\u00f8rning til Adslev. Derfra 1 km\u00a0<\/span><br style=\"color: #000000;\" \/><a style=\"color: #0000ff;\" href=\"http:\/\/data.midttrafik.dk\/media\/10749\/Rute%20309%20fra%2012%20februar%20tryk.pdf\">Rute 309<\/a><span style=\"color: #000000;\">\u00a0k\u00f8rer fra Skanderborg til Jeksen. Derfra 2,9 km\u00a0<\/span><br style=\"color: #000000;\" \/><br style=\"color: #000000;\" \/><b style=\"color: #000000;\">Tog<\/b><span style=\"color: #000000;\">\u00a0k\u00f8re til H\u00f8rning. Derfra 4,8 km til Knasten.\u00a0<\/span><br style=\"color: #000000;\" \/><iframe loading=\"lazy\" style=\"color: #000000;\" src=\"http:\/\/maps.google.dk\/maps?f=q&amp;source=s_q&amp;hl=da&amp;geocode=&amp;q=Kollens+M%C3%B8llevej+17,+H%C3%B8rning&amp;aq=t&amp;sll=55.869147,11.228027&amp;sspn=7.824611,23.269043&amp;ie=UTF8&amp;hq=&amp;hnear=Kollens+M%C3%B8llevej+17,+8362+H%C3%B8rning&amp;t=m&amp;ll=56.146315,10.094376&amp;spn=0.133879,0.447006&amp;z=11&amp;output=embed\" width=\"640\" height=\"350\" frameborder=\"0\" marginwidth=\"0\" marginheight=\"0\" scrolling=\"no\"><\/iframe><br style=\"color: #000000;\" \/><small style=\"color: #000000;\"><a style=\"color: #0000ff;\" href=\"http:\/\/maps.google.dk\/maps?f=q&amp;source=embed&amp;hl=da&amp;geocode=&amp;q=Kollens+M%C3%B8llevej+17,+H%C3%B8rning&amp;aq=t&amp;sll=55.869147,11.228027&amp;sspn=7.824611,23.269043&amp;ie=UTF8&amp;hq=&amp;hnear=Kollens+M%C3%B8llevej+17,+8362+H%C3%B8rning&amp;t=m&amp;ll=56.146315,10.094376&amp;spn=0.133879,0.447006&amp;z=11\">Vis stort kort<\/a><\/small><\/p>\n","protected":false},"excerpt":{"rendered":"<p>\u00a0 Bil\u00a0brug googles rutevejledning du kan klikke p\u00e5 nede ved kortet.\u00a0Har i mere end 3 biler og ved snevejr, skal i benytte\u00a0P-pladsen nede ved m\u00f8llen\u00a0&#8211; se video\u00a0Lejet Bus\u00a0m\u00e5 ikke k\u00f8re af Kollens M\u00f8llevej fra Randers \/ Stillingvejen, da den er for tung til at k\u00f8re over broen ved Kollens M\u00f8lle. Af hensyn til vores naboer [&hellip;]<\/p>\n","protected":false},"author":1,"featured_media":0,"parent":0,"menu_order":0,"comment_status":"closed","ping_status":"closed","template":"","meta":{"footnotes":""},"_links":{"self":[{"href":"https:\/\/fdfknasten.dk\/index.php?rest_route=\/wp\/v2\/pages\/18"}],"collection":[{"href":"https:\/\/fdfknasten.dk\/index.php?rest_route=\/wp\/v2\/pages"}],"about":[{"href":"https:\/\/fdfknasten.dk\/index.php?rest_route=\/wp\/v2\/types\/page"}],"author":[{"embeddable":true,"href":"https:\/\/fdfknasten.dk\/index.php?rest_route=\/wp\/v2\/users\/1"}],"replies":[{"embeddable":true,"href":"https:\/\/fdfknasten.dk\/index.php?rest_route=%2Fwp%2Fv2%2Fcomments&post=18"}],"version-history":[{"count":3,"href":"https:\/\/fdfknasten.dk\/index.php?rest_route=\/wp\/v2\/pages\/18\/revisions"}],"predecessor-version":[{"id":52,"href":"https:\/\/fdfknasten.dk\/index.php?rest_route=\/wp\/v2\/pages\/18\/revisions\/52"}],"wp:attachment":[{"href":"https:\/\/fdfknasten.dk\/index.php?rest_route=%2Fwp%2Fv2%2Fmedia&parent=18"}],"curies":[{"name":"wp","href":"https:\/\/api.w.org\/{rel}","templated":true}]}}