{"id":16,"date":"2014-05-07T19:00:20","date_gmt":"2014-05-07T17:00:20","guid":{"rendered":"http:\/\/fdfknasten.dk\/?page_id=16"},"modified":"2014-05-08T01:21:35","modified_gmt":"2014-05-07T23:21:35","slug":"regler","status":"publish","type":"page","link":"https:\/\/fdfknasten.dk\/?page_id=16","title":{"rendered":"Regler &#038; praktiske oplysninger"},"content":{"rendered":"<h2 style=\"color: #000000;\"><\/h2>\n<table cellspacing=\"0\" cellpadding=\"0\" bgcolor=\"#EFEFEF\">\n<tbody>\n<tr>\n<td><strong><span style=\"text-decoration: underline;\">Ude i naturen:<\/span><\/strong><\/p>\n<ol start=\"1\" type=\"1\">\n<li><strong>K\u00f8rsel:<\/strong>\u00a0Biler m\u00e5 gerne k\u00f8rer helt ned til hytten og al k\u00f8rsel p\u00e5 grusvejen skal foreg\u00e5 stille og roligt med max 10 km\/t. Busser skal blive p\u00e5 asfalt vejen og man g\u00e5r de sidste 100 meter til lejren.<\/li>\n<li><strong>Parkering:<\/strong>\u00a0Biler skal parkeres forenden af grusvejen nede ved hytten. Hvis der ikke er plads til alle jeres biler, henvises der til p-pladsen ved M\u00f8llen 500 meter fra Knasten. Der m\u00e5 ikke parkeres p\u00e5 grusvejen p\u00e5 stykket imellem vores postkasse og asfalt vejen.<\/li>\n<li><strong>Alt f\u00e6rdsel<\/strong>\u00a0p\u00e5 naboens grund og marker er ikke tilladt. Dette g\u00e6lder ogs\u00e5 for grunden p\u00e5 den modsatte side af vejen, og ej heller deres schelter. Grunden er afgr\u00e6nset ved hegnet t\u00e6t p\u00e5 flagstangen og slugten op til postkassen. Vores grund er afm\u00e6rket med r\u00f8de markeringer. Det er fredet omr\u00e5de.<\/li>\n<li><strong>Sk\u00e5n<\/strong>\u00a0planter, tr\u00e6er, alt dyre liv og naboerne.<\/li>\n<li><strong>S\u00f8rg<\/strong>\u00a0for at holde omr\u00e5det rent for affald. Dvs. s\u00f8rg for at f\u00e5 det samlet op og lagt i affaldscontaineren. Evt. poster fra l\u00f8b skal ogs\u00e5 samles ind.<\/li>\n<li><strong>B\u00e5l\u00a0<\/strong>m\u00e5 t\u00e6ndes p\u00e5 den anviste b\u00e5lplads og der kan findes br\u00e6nde i skuret. Grillen der st\u00e5r bag ved skuret m\u00e5 ogs\u00e5 gerne benyttes.<\/li>\n<li><strong>Man\u00a0<\/strong>m\u00e5 gerne ligge i telt, bivuak og udf\u00f8re alle former for friluftsaktiviteter p\u00e5 vores grund mv.<\/li>\n<\/ol>\n<p><strong><span style=\"text-decoration: underline;\">Indenfor i KNASTEN:<\/span><\/strong><\/p>\n<ol>\n<li><strong>Ankomst<\/strong>: udfyld tilsendt skema med, hvad elm\u00e5leren viser ved ankomst, elm\u00e5leren sidder p\u00e5 udvendig gavl ved baderummet. Husn\u00f8glen er ogs\u00e5 til at t\u00e6nde for varmen, f\u00f8lg instruktionerne ved elskabet i gangen. Justeringer af radiatorerne i pejsestuen sker ved at indstille den lille f\u00f8ler p\u00e5 v\u00e6ggen, i spisestuen og v\u00e6relserne p\u00e5 hver enkelt radiator. Justering af automatikken til genindvindingsanl\u00e6gget m\u00e5 kun ske i samr\u00e5d med udlejeren.<\/li>\n<li><strong>Medbring<\/strong>\u00a0selv: karklude, viskestykker, toiletpapir. Lagen til beskyttelse af madrasserne. Lagen skal benyttes ogs\u00e5 ved brug af sovepose. Madrasserne m\u00e5 ikke tages ud af k\u00f8jerne, ingen fodt\u00f8j og t\u00e6ndte stearinlys i k\u00f8jerne.<\/li>\n<li><strong>Pas<\/strong>\u00a0godt p\u00e5 inventaret. \u00d8delagte og itusl\u00e5ede ting skal erstattes som der st\u00e5r p\u00e5 kontrakten<\/li>\n<li><strong>Brandslukningsmateriel\u00a0<\/strong>m\u00e5 kun anvendes i tilf\u00e6lde af brand.\u00a0 F\u00f8rstehj\u00e6lpskasse findes i skabene ved hovedd\u00f8ren.<\/li>\n<li><strong>M\u00f8bler\u00a0<\/strong>m\u00e5 gerne flyttes rundt, dog uden at gulvet bliver ridset og de skal s\u00e6ttes p\u00e5 plads igen\u00a0<em>(g\u00e6lder ogs\u00e5 bordene udenfor p\u00e5 terrassen),<\/em>\u00a0inden hytten forlades.<\/li>\n<li><strong>Rygning<\/strong>\u00a0Forbudt: Rygning skal foreg\u00e5 udenfor p\u00e5 terrassen eller ved b\u00e5lpladsen.<\/li>\n<li><strong>Br\u00e6ndeovnen<\/strong>: Der findes br\u00e6nde i skuret.<\/li>\n<li><strong>Ved afrejse\u00a0<\/strong>: Afbryde varmen ved f\u00f8lg instruktionerne, afl\u00e6s elm\u00e5leren. Luk\/l\u00e5s vinduer og ydre d\u00f8re n\u00e5r hytten forlades.<\/li>\n<\/ol>\n<p><strong><span style=\"text-decoration: underline;\">Reng\u00f8ring<\/span><\/strong><\/p>\n<ol>\n<li><strong>Gulve\u00a0<\/strong>i alle rum fejes\/st\u00f8vsuges og vaskes med det reng\u00f8ringsmiddel der forefindes i hytten.<\/li>\n<li><strong>Baderum<\/strong>\u00a0og Toiletter skal reng\u00f8res. Klinkerne vaskes med brun s\u00e6be.<\/li>\n<li><strong>K\u00f8kken\u00a0<\/strong>reng\u00f8res og inventar opvaskes.<\/li>\n<li><strong>K\u00f8leskab<\/strong>, fryser og opvaskemaskinen t\u00f8mmes og reng\u00f8res.<\/li>\n<li><strong>Br\u00e6ndeovnen\u00a0<\/strong>skal t\u00f8mmes og fejes ren.<\/li>\n<li><strong>Affaldsspande\u00a0<\/strong>t\u00f8mmes og l\u00e6gges op i containeren.<\/li>\n<\/ol>\n<p align=\"left\"><strong><span style=\"text-decoration: underline;\">Bestilling af reng\u00f8ring:<\/span><\/strong><br \/>\nHvis man \u00f8nsker at bestille reng\u00f8ring kan dette g\u00f8res ved bookningen af lejren, dvs. at man krydser det af p\u00e5 lejekontrakten. Pris: 600 kr.<\/p>\n<p align=\"left\">Dog skal gulvene i alle rum som minimum fejes\/st\u00f8vsuges og k\u00f8kkenet skal v\u00e6re ryddet.<\/p>\n<p align=\"left\"><strong><span style=\"text-decoration: underline;\">Manglende reng\u00f8ring:\u00a0<\/span><\/strong><br \/>\nManglende reng\u00f8ring, er n\u00e5r hytten ikke er rengjort efter lejem\u00e5lets afslutning og at der ikke er bestilt reng\u00f8ring. Pris. 1000 kr.<\/p>\n<\/td>\n<\/tr>\n<\/tbody>\n<\/table>\n","protected":false},"excerpt":{"rendered":"<p>Ude i naturen: K\u00f8rsel:\u00a0Biler m\u00e5 gerne k\u00f8rer helt ned til hytten og al k\u00f8rsel p\u00e5 grusvejen skal foreg\u00e5 stille og roligt med max 10 km\/t. Busser skal blive p\u00e5 asfalt vejen og man g\u00e5r de sidste 100 meter til lejren. Parkering:\u00a0Biler skal parkeres forenden af grusvejen nede ved hytten. Hvis der ikke er plads til [&hellip;]<\/p>\n","protected":false},"author":1,"featured_media":0,"parent":0,"menu_order":0,"comment_status":"closed","ping_status":"closed","template":"","meta":{"footnotes":""},"_links":{"self":[{"href":"https:\/\/fdfknasten.dk\/index.php?rest_route=\/wp\/v2\/pages\/16"}],"collection":[{"href":"https:\/\/fdfknasten.dk\/index.php?rest_route=\/wp\/v2\/pages"}],"about":[{"href":"https:\/\/fdfknasten.dk\/index.php?rest_route=\/wp\/v2\/types\/page"}],"author":[{"embeddable":true,"href":"https:\/\/fdfknasten.dk\/index.php?rest_route=\/wp\/v2\/users\/1"}],"replies":[{"embeddable":true,"href":"https:\/\/fdfknasten.dk\/index.php?rest_route=%2Fwp%2Fv2%2Fcomments&post=16"}],"version-history":[{"count":2,"href":"https:\/\/fdfknasten.dk\/index.php?rest_route=\/wp\/v2\/pages\/16\/revisions"}],"predecessor-version":[{"id":38,"href":"https:\/\/fdfknasten.dk\/index.php?rest_route=\/wp\/v2\/pages\/16\/revisions\/38"}],"wp:attachment":[{"href":"https:\/\/fdfknasten.dk\/index.php?rest_route=%2Fwp%2Fv2%2Fmedia&parent=16"}],"curies":[{"name":"wp","href":"https:\/\/api.w.org\/{rel}","templated":true}]}}