{"id":109,"date":"2015-04-21T09:54:11","date_gmt":"2015-04-21T07:54:11","guid":{"rendered":"http:\/\/fdfknasten.dk\/?page_id=109"},"modified":"2015-04-21T09:56:41","modified_gmt":"2015-04-21T07:56:41","slug":"oplevelser","status":"publish","type":"page","link":"https:\/\/fdfknasten.dk\/?page_id=109","title":{"rendered":"Oplevelser"},"content":{"rendered":"<p>Omkring Knasten er der jo noget af Danmarks absolut smukkeste natur.\u00a0P\u00e5 utallige foresp\u00f8rgseler starter vi p\u00e5 denne side\u00a0forsigtigt ud med et bud p\u00e5 hvad\u00a0man kunne lave i Knasten, i f\u00f8rste omgang med et link til <a href=\"http:\/\/fdfknasten.dk\/wp-content\/uploads\/2015\/04\/Jeksendalen.pdf\">Danmarks Naturfredningsforenings folder for Jeksendalen<\/a>\u00a0som giver gode bud og lidt historie om omr\u00e5det.<\/p>\n<p>N\u00e5r vi for det optegnet vil vi naturligvis meget gerne ligge et kort ind her, men ellers er ruterne tydligt markeret og starter fra P-pladsen (200m fra hytten)<\/p>\n","protected":false},"excerpt":{"rendered":"<p>Omkring Knasten er der jo noget af Danmarks absolut smukkeste natur.\u00a0P\u00e5 utallige foresp\u00f8rgseler starter vi p\u00e5 denne side\u00a0forsigtigt ud med et bud p\u00e5 hvad\u00a0man kunne lave i Knasten, i f\u00f8rste omgang med et link til Danmarks Naturfredningsforenings folder for Jeksendalen\u00a0som giver gode bud og lidt historie om omr\u00e5det. N\u00e5r vi for det optegnet vil vi [&hellip;]<\/p>\n","protected":false},"author":1,"featured_media":0,"parent":0,"menu_order":0,"comment_status":"open","ping_status":"open","template":"","meta":{"footnotes":""},"_links":{"self":[{"href":"https:\/\/fdfknasten.dk\/index.php?rest_route=\/wp\/v2\/pages\/109"}],"collection":[{"href":"https:\/\/fdfknasten.dk\/index.php?rest_route=\/wp\/v2\/pages"}],"about":[{"href":"https:\/\/fdfknasten.dk\/index.php?rest_route=\/wp\/v2\/types\/page"}],"author":[{"embeddable":true,"href":"https:\/\/fdfknasten.dk\/index.php?rest_route=\/wp\/v2\/users\/1"}],"replies":[{"embeddable":true,"href":"https:\/\/fdfknasten.dk\/index.php?rest_route=%2Fwp%2Fv2%2Fcomments&post=109"}],"version-history":[{"count":2,"href":"https:\/\/fdfknasten.dk\/index.php?rest_route=\/wp\/v2\/pages\/109\/revisions"}],"predecessor-version":[{"id":113,"href":"https:\/\/fdfknasten.dk\/index.php?rest_route=\/wp\/v2\/pages\/109\/revisions\/113"}],"wp:attachment":[{"href":"https:\/\/fdfknasten.dk\/index.php?rest_route=%2Fwp%2Fv2%2Fmedia&parent=109"}],"curies":[{"name":"wp","href":"https:\/\/api.w.org\/{rel}","templated":true}]}}