{"id":47,"date":"2014-05-07T23:19:37","date_gmt":"2014-05-07T21:19:37","guid":{"rendered":"http:\/\/fdfknasten.dk\/?page_id=47"},"modified":"2014-05-07T23:40:22","modified_gmt":"2014-05-07T21:40:22","slug":"aflysning","status":"publish","type":"page","link":"http:\/\/fdfknasten.dk\/?page_id=47","title":{"rendered":"Aflysning"},"content":{"rendered":"<p><span style=\"color: #000000;\">Skulle i blive n\u00f8d til at aflyse jeres arrangement frafalder jeres depositum p\u00e5 de 500 kr.\u00a0<\/span><br style=\"color: #000000;\" \/><br style=\"color: #000000;\" \/><span style=\"color: #000000;\">En aflysning skal ske s\u00e5 tideligt som muligt p\u00e5 e-mail.\u00a0<\/span><br style=\"color: #000000;\" \/><span style=\"color: #000000;\">Sker aflysningen i sidste \u00f8jeblik skal den ogs\u00e5 v\u00e6re telefonisk hvis i \u00f8nsker den resterende del af jere husleje tilbage (det er ikke nok med en telefonsvarbesked ) Der p\u00e5regnes et yderligere gebyr ved sen afmelding:\u00a0<\/span><br style=\"color: #000000;\" \/><br style=\"color: #000000;\" \/><span style=\"color: #000000;\">3 uger f\u00f8r &#8211; 100 kr. (ialt 600 kr.)\u00a0<\/span><br style=\"color: #000000;\" \/><span style=\"color: #000000;\">2 uger f\u00f8r &#8211; 300 kr. (ialt 800 kr.)\u00a0<\/span><br style=\"color: #000000;\" \/><span style=\"color: #000000;\">1 uge f\u00f8r &#8211; 500 kr. (ialt 1000 kr.)<\/span><\/p>\n","protected":false},"excerpt":{"rendered":"<p>Skulle i blive n\u00f8d til at aflyse jeres arrangement frafalder jeres depositum p\u00e5 de 500 kr.\u00a0En aflysning skal ske s\u00e5 tideligt som muligt p\u00e5 e-mail.\u00a0Sker aflysningen i sidste \u00f8jeblik skal den ogs\u00e5 v\u00e6re telefonisk hvis i \u00f8nsker den resterende del af jere husleje tilbage (det er ikke nok med en telefonsvarbesked ) Der p\u00e5regnes et [&hellip;]<\/p>\n","protected":false},"author":1,"featured_media":0,"parent":0,"menu_order":0,"comment_status":"closed","ping_status":"closed","template":"","meta":{"footnotes":""},"_links":{"self":[{"href":"http:\/\/fdfknasten.dk\/index.php?rest_route=\/wp\/v2\/pages\/47"}],"collection":[{"href":"http:\/\/fdfknasten.dk\/index.php?rest_route=\/wp\/v2\/pages"}],"about":[{"href":"http:\/\/fdfknasten.dk\/index.php?rest_route=\/wp\/v2\/types\/page"}],"author":[{"embeddable":true,"href":"http:\/\/fdfknasten.dk\/index.php?rest_route=\/wp\/v2\/users\/1"}],"replies":[{"embeddable":true,"href":"http:\/\/fdfknasten.dk\/index.php?rest_route=%2Fwp%2Fv2%2Fcomments&post=47"}],"version-history":[{"count":1,"href":"http:\/\/fdfknasten.dk\/index.php?rest_route=\/wp\/v2\/pages\/47\/revisions"}],"predecessor-version":[{"id":48,"href":"http:\/\/fdfknasten.dk\/index.php?rest_route=\/wp\/v2\/pages\/47\/revisions\/48"}],"wp:attachment":[{"href":"http:\/\/fdfknasten.dk\/index.php?rest_route=%2Fwp%2Fv2%2Fmedia&parent=47"}],"curies":[{"name":"wp","href":"https:\/\/api.w.org\/{rel}","templated":true}]}}